{"id":11,"date":"2018-06-28T04:33:31","date_gmt":"2018-06-28T07:33:31","guid":{"rendered":"https:\/\/fotografiaprofissional.org\/?page_id=11"},"modified":"2018-08-24T13:28:44","modified_gmt":"2018-08-24T16:28:44","slug":"sobre","status":"publish","type":"page","link":"https:\/\/fotografiaprofissional.org\/en\/sobre\/","title":{"rendered":"Sobre"},"content":{"rendered":"<p><span style=\"font-family: 'trebuchet ms', geneva, sans-serif;\"><img fetchpriority=\"high\" decoding=\"async\" class=\"aligncenter wp-image-251\" title=\"fotografia profissional\" src=\"https:\/\/fotografiaprofissional.org\/wp-content\/uploads\/2018\/07\/Vitor-Munari-eu-2.jpg\" alt=\"Vitor Munari\" width=\"262\" height=\"234\" srcset=\"https:\/\/fotografiaprofissional.org\/wp-content\/uploads\/2018\/07\/Vitor-Munari-eu-2.jpg 500w, https:\/\/fotografiaprofissional.org\/wp-content\/uploads\/2018\/07\/Vitor-Munari-eu-2-300x268.jpg 300w\" sizes=\"(max-width: 262px) 100vw, 262px\" \/><\/span><\/p>\n<h2><span style=\"font-family: 'trebuchet ms', geneva, sans-serif;\">Quem sou ?<\/span><\/h2>\n<p><span style=\"font-family: 'trebuchet ms', geneva, sans-serif;\">Ol\u00e1 ! Me Chamo Vitor Munari , filho de pai italiano e m\u00e3e brasileira, nasci aqui no Brasil e simplesmente AMO ESSE PA\u00cdS. <\/span><\/p>\n<p><span style=\"font-family: 'trebuchet ms', geneva, sans-serif;\">Tenho dois filhos, o Caio e o Lucas. Sou fot\u00f3grafo profissional h\u00e1 8 anos e tive a id\u00e9ia de montar esse blog para compartilhar com voc\u00eas dicas, tutorias e tudo sobre o mundo da fotografia que \u00e9 simplesmente fascinante.<\/span><\/p>\n<h3><span style=\"font-family: 'trebuchet ms', geneva, sans-serif;\">Sobre o que fala o Site ?<\/span><\/h3>\n<p><span style=\"font-family: 'trebuchet ms', geneva, sans-serif;\">O Fotografia Profissional \u00e9 uma comunidade dedicada a reunir t\u00e9cnicas, dicas, equipamentos, inspira\u00e7\u00e3o e todo tipo de informa\u00e7\u00e3o sobre fotografia.\u00a0<\/span><\/p>\n<p><span style=\"font-family: 'trebuchet ms', geneva, sans-serif;\">Qualquer d\u00favida me mande um email que terei prazer em responder. <\/span><\/p>\n<p><span style=\"font-family: 'trebuchet ms', geneva, sans-serif;\">Abra\u00e7o<\/span><\/p>\n<p><span style=\"font-family: 'trebuchet ms', geneva, sans-serif;\">Redes Sociais:<\/span><\/p>\n<p><span style=\"font-family: 'trebuchet ms', geneva, sans-serif;\"><a href=\"https:\/\/br.pinterest.com\/FotoProOrg\/\" target=\"_blank\" rel=\"noopener\">Pinterest<\/a><\/span><\/p>\n<p><span style=\"font-family: 'trebuchet ms', geneva, sans-serif;\"><a href=\"https:\/\/www.facebook.com\/fotografiaprofissional.org\/\">Facebook<\/a><\/span><\/p>\n<p><span style=\"font-family: 'trebuchet ms', geneva, sans-serif;\"><a href=\"https:\/\/www.instagram.com\/fotografiaprofissional\/\" target=\"_blank\" rel=\"noopener\">Instagram<\/a><\/span><\/p>\n<p><a class=\"twitter-timeline\" data-width=\"1170\" data-height=\"1000\" data-dnt=\"true\" href=\"https:\/\/twitter.com\/FotoProOrg?ref_src=twsrc%5Etfw\" target=\"_blank\" rel=\"noopener\">Tweets by FotoProOrg<\/a><script async src=\"https:\/\/platform.twitter.com\/widgets.js\" charset=\"utf-8\"><\/script><\/p>","protected":false},"excerpt":{"rendered":"<p>Quem sou ? Ol\u00e1 ! Me Chamo Vitor Munari , filho de pai italiano e m\u00e3e&hellip;<\/p>","protected":false},"author":1,"featured_media":0,"parent":0,"menu_order":0,"comment_status":"closed","ping_status":"closed","template":"","meta":{"_lmt_disableupdate":"","_lmt_disable":"","ngg_post_thumbnail":0,"footnotes":""},"class_list":["post-11","page","type-page","status-publish","hentry"],"amp_enabled":true,"_links":{"self":[{"href":"https:\/\/fotografiaprofissional.org\/en\/wp-json\/wp\/v2\/pages\/11","targetHints":{"allow":["GET"]}}],"collection":[{"href":"https:\/\/fotografiaprofissional.org\/en\/wp-json\/wp\/v2\/pages"}],"about":[{"href":"https:\/\/fotografiaprofissional.org\/en\/wp-json\/wp\/v2\/types\/page"}],"author":[{"embeddable":true,"href":"https:\/\/fotografiaprofissional.org\/en\/wp-json\/wp\/v2\/users\/1"}],"replies":[{"embeddable":true,"href":"https:\/\/fotografiaprofissional.org\/en\/wp-json\/wp\/v2\/comments?post=11"}],"version-history":[{"count":5,"href":"https:\/\/fotografiaprofissional.org\/en\/wp-json\/wp\/v2\/pages\/11\/revisions"}],"predecessor-version":[{"id":279,"href":"https:\/\/fotografiaprofissional.org\/en\/wp-json\/wp\/v2\/pages\/11\/revisions\/279"}],"wp:attachment":[{"href":"https:\/\/fotografiaprofissional.org\/en\/wp-json\/wp\/v2\/media?parent=11"}],"curies":[{"name":"wp","href":"https:\/\/api.w.org\/{rel}","templated":true}]}}