{"id":7979,"date":"2025-03-22T17:00:56","date_gmt":"2025-03-22T20:00:56","guid":{"rendered":"https:\/\/fotografiaprofissional.org\/?page_id=7979"},"modified":"2025-03-28T20:39:21","modified_gmt":"2025-03-28T23:39:21","slug":"nosso-grupo-do-whats","status":"publish","type":"page","link":"https:\/\/fotografiaprofissional.org\/en\/nosso-grupo-do-whats\/","title":{"rendered":"Nosso Grupo do Whats"},"content":{"rendered":"<div data-elementor-type=\"wp-page\" data-elementor-id=\"7979\" class=\"elementor elementor-7979\">\n\t\t\t\t\t\t<section class=\"penci-section penci-disSticky penci-structure-10 elementor-section elementor-top-section elementor-element elementor-element-2fd107b elementor-section-boxed elementor-section-height-default elementor-section-height-default\" data-id=\"2fd107b\" data-element_type=\"section\">\n\t\t\t\t\t\t<div class=\"elementor-container elementor-column-gap-default\">\n\t\t\t\t\t<div class=\"penci-ercol-100 penci-ercol-order-1 penci-sticky-ct    elementor-column elementor-col-100 elementor-top-column elementor-element elementor-element-9242015\" data-id=\"9242015\" data-element_type=\"column\">\n\t\t\t<div class=\"elementor-widget-wrap elementor-element-populated\">\n\t\t\t\t\t\t<div class=\"elementor-element elementor-element-f9c5998 elementor-widget elementor-widget-html\" data-id=\"f9c5998\" data-element_type=\"widget\" data-widget_type=\"html.default\">\n\t\t\t\t<div class=\"elementor-widget-container\">\n\t\t\t\t\t<script async src=\"https:\/\/pagead2.googlesyndication.com\/pagead\/js\/adsbygoogle.js?client=ca-pub-9044983133045487\"\r\n     crossorigin=\"anonymous\"><\/script>\r\n<ins class=\"adsbygoogle\"\r\n     style=\"display:block; text-align:center;\"\r\n     data-ad-layout=\"in-article\"\r\n     data-ad-format=\"fluid\"\r\n     data-ad-client=\"ca-pub-9044983133045487\"\r\n     data-ad-slot=\"4130826435\"><\/ins>\r\n<script>\r\n     (adsbygoogle = window.adsbygoogle || []).push({});\r\n<\/script>\t\t\t\t<\/div>\n\t\t\t\t<\/div>\n\t\t\t\t\t<\/div>\n\t\t<\/div>\n\t\t\t\t\t<\/div>\n\t\t<\/section>\n\t\t\t\t<section class=\"penci-section penci-disSticky penci-structure-10 elementor-section elementor-top-section elementor-element elementor-element-a52ecf7 elementor-section-boxed elementor-section-height-default elementor-section-height-default\" data-id=\"a52ecf7\" data-element_type=\"section\">\n\t\t\t\t\t\t<div class=\"elementor-container elementor-column-gap-default\">\n\t\t\t\t\t<div class=\"penci-ercol-100 penci-ercol-order-1 penci-sticky-ct    elementor-column elementor-col-100 elementor-top-column elementor-element elementor-element-85f043b\" data-id=\"85f043b\" data-element_type=\"column\">\n\t\t\t<div class=\"elementor-widget-wrap elementor-element-populated\">\n\t\t\t\t\t\t<div class=\"elementor-element elementor-element-6a5eecb elementor-widget elementor-widget-text-editor\" data-id=\"6a5eecb\" data-element_type=\"widget\" data-widget_type=\"text-editor.default\">\n\t\t\t\t<div class=\"elementor-widget-container\">\n\t\t\t\t\t\t\t\t\t<p>Junte-se ao nosso grupo gratuito no&nbsp;<strong data-start=\"80\" data-end=\"92\">Whatsapp<\/strong>&nbsp;e fique por dentro de todas as novidades sobre modelos fotograficas! Aqui, voc\u00ea ter\u00e1 acesso exclusivo a conte\u00fados in\u00e9ditos, atualiza\u00e7\u00f5es sobre a carreira delas e muito mais. Conecte-se com outros f\u00e3s, compartilhe sua admira\u00e7\u00e3o e acompanhe de perto tudo o que rola no universo das musas.<\/p>\n<p data-start=\"375\" data-end=\"629\">Nosso grupo \u00e9 um espa\u00e7o colaborativo, onde voc\u00ea pode trocar experi\u00eancias, comentar sobre os \u00faltimos projetos e receber informa\u00e7\u00f5es antes de todo mundo. Se voc\u00ea quer estar sempre atualizado e fazer parte de uma comunidade apaixonada, esse \u00e9 o seu lugar!<\/p>\t\t\t\t\t\t\t\t<\/div>\n\t\t\t\t<\/div>\n\t\t\t\t\t<\/div>\n\t\t<\/div>\n\t\t\t\t\t<\/div>\n\t\t<\/section>\n\t\t\t\t<section class=\"penci-section penci-disSticky penci-structure-10 elementor-section elementor-top-section elementor-element elementor-element-578308b elementor-section-full_width elementor-section-height-default elementor-section-height-default\" data-id=\"578308b\" data-element_type=\"section\">\n\t\t\t\t\t\t<div class=\"elementor-container elementor-column-gap-default\">\n\t\t\t\t\t<div class=\"penci-ercol-100 penci-ercol-order-1 penci-sticky-ct    elementor-column elementor-col-100 elementor-top-column elementor-element elementor-element-555a34a\" data-id=\"555a34a\" data-element_type=\"column\">\n\t\t\t<div class=\"elementor-widget-wrap elementor-element-populated\">\n\t\t\t\t\t\t<div class=\"elementor-element elementor-element-25188e4 elementor-widget elementor-widget-penci-button\" data-id=\"25188e4\" data-element_type=\"widget\" data-widget_type=\"penci-button.default\">\n\t\t\t\t<div class=\"elementor-widget-container\">\n\t\t\t\t\t\t\t<div class=\"pcbtn-wrapper pcbtn-align-center\">\n\t\t\t<a class=\"pcbtn pcbtn-icon-left\" \n\t\t\t\t\t\t\t\t\t\t\t\thref=\"https:\/\/fotografiaprofissional.org\/en\/grupo-whats-lp3\/\">\n\t\t\t\t<span class=\"pcbtn-wrapperin\">\n\t\t\t\t\t<span class=\"pcbtn-content\">\n\t\t\t\t\t<i class=\"fab fa-whatsapp\"><\/i>\t\t\t\t\tENTRAR AGORA\t\t\t<\/span>\n\t\t\t\t\t\t\t\t\t<\/span>\n\t\t\t<\/a>\n\t\t<\/div>\n\t\t\t\t\t\t<\/div>\n\t\t\t\t<\/div>\n\t\t\t\t\t<\/div>\n\t\t<\/div>\n\t\t\t\t\t<\/div>\n\t\t<\/section>\n\t\t\t\t<section class=\"penci-section penci-disSticky penci-structure-10 elementor-section elementor-top-section elementor-element elementor-element-e9338cc elementor-section-boxed elementor-section-height-default elementor-section-height-default\" data-id=\"e9338cc\" data-element_type=\"section\">\n\t\t\t\t\t\t<div class=\"elementor-container elementor-column-gap-default\">\n\t\t\t\t\t<div class=\"penci-ercol-100 penci-ercol-order-1 penci-sticky-ct    elementor-column elementor-col-100 elementor-top-column elementor-element elementor-element-a2a25dc\" data-id=\"a2a25dc\" data-element_type=\"column\">\n\t\t\t<div class=\"elementor-widget-wrap elementor-element-populated\">\n\t\t\t\t\t\t<div class=\"elementor-element elementor-element-c5400ae elementor-widget elementor-widget-text-editor\" data-id=\"c5400ae\" data-element_type=\"widget\" data-widget_type=\"text-editor.default\">\n\t\t\t\t<div class=\"elementor-widget-container\">\n\t\t\t\t\t\t\t\t\t<h3 data-start=\"658\" data-end=\"708\"><strong data-start=\"662\" data-end=\"706\">As vantagens de entrar no Grupo do Whatsapp<\/strong><\/h3><p data-start=\"710\" data-end=\"1239\">Ao fazer parte do nosso grupo exclusivo no W<b>hatsapp,<\/b>\u00a0voc\u00ea ter\u00e1 acesso a:<br data-start=\"786\" data-end=\"789\" \/>\u2705\u00a0<strong data-start=\"791\" data-end=\"819\">Not\u00edcias em primeira m\u00e3o<\/strong>\u00a0\u2013 Saiba antes de todo mundo sobre novos projetos, lan\u00e7amentos e participa\u00e7\u00f5es especiais.<br data-start=\"908\" data-end=\"911\" \/>\u2705\u00a0<strong data-start=\"913\" data-end=\"937\">Conte\u00fados exclusivos<\/strong>\u00a0\u2013 Bastidores, curiosidades e informa\u00e7\u00f5es que voc\u00ea n\u00e3o encontra em nenhum outro lugar.<br data-start=\"1023\" data-end=\"1026\" \/>\u2705\u00a0<strong data-start=\"1028\" data-end=\"1056\">Intera\u00e7\u00e3o com outros f\u00e3s<\/strong>\u00a0\u2013 Compartilhe sua paix\u00e3o, troque ideias e participe de debates sobre a musa.<br data-start=\"1133\" data-end=\"1136\" \/>\u2705\u00a0<strong data-start=\"1138\" data-end=\"1163\">Surpresas e vantagens<\/strong>\u00a0\u2013 Fique ligado para poss\u00edveis sorteios, promo\u00e7\u00f5es e intera\u00e7\u00f5es especiais!<\/p><p data-start=\"1241\" data-end=\"1371\">Clique no link abaixo e entre no nosso grupo agora mesmo! N\u00e3o perca a chance de estar mais pr\u00f3ximo do universo dessas musas.<\/p>\t\t\t\t\t\t\t\t<\/div>\n\t\t\t\t<\/div>\n\t\t\t\t\t<\/div>\n\t\t<\/div>\n\t\t\t\t\t<\/div>\n\t\t<\/section>\n\t\t\t\t<section class=\"penci-section penci-disSticky penci-structure-10 elementor-section elementor-top-section elementor-element elementor-element-92e72e4 elementor-section-boxed elementor-section-height-default elementor-section-height-default\" data-id=\"92e72e4\" data-element_type=\"section\">\n\t\t\t\t\t\t<div class=\"elementor-container elementor-column-gap-default\">\n\t\t\t\t\t<div class=\"penci-ercol-100 penci-ercol-order-1 penci-sticky-ct    elementor-column elementor-col-100 elementor-top-column elementor-element elementor-element-98e6de3\" data-id=\"98e6de3\" data-element_type=\"column\">\n\t\t\t<div class=\"elementor-widget-wrap elementor-element-populated\">\n\t\t\t\t\t\t<div class=\"elementor-element elementor-element-5b691e0 elementor-widget elementor-widget-penci-button\" data-id=\"5b691e0\" data-element_type=\"widget\" data-widget_type=\"penci-button.default\">\n\t\t\t\t<div class=\"elementor-widget-container\">\n\t\t\t\t\t\t\t<div class=\"pcbtn-wrapper pcbtn-align-center\">\n\t\t\t<a class=\"pcbtn pcbtn-icon-left\" \n\t\t\t\t\t\t\t\t\t\t\t\thref=\"https:\/\/fotografiaprofissional.org\/en\/grupo-whats-lp3\/\">\n\t\t\t\t<span class=\"pcbtn-wrapperin\">\n\t\t\t\t\t<span class=\"pcbtn-content\">\n\t\t\t\t\t<i class=\"fab fa-whatsapp\"><\/i>\t\t\t\t\tENTRAR AGORA\t\t\t<\/span>\n\t\t\t\t\t\t\t\t\t<\/span>\n\t\t\t<\/a>\n\t\t<\/div>\n\t\t\t\t\t\t<\/div>\n\t\t\t\t<\/div>\n\t\t\t\t\t<\/div>\n\t\t<\/div>\n\t\t\t\t\t<\/div>\n\t\t<\/section>\n\t\t\t\t<section class=\"penci-section penci-disSticky penci-structure-10 elementor-section elementor-top-section elementor-element elementor-element-07ed446 elementor-section-boxed elementor-section-height-default elementor-section-height-default\" data-id=\"07ed446\" data-element_type=\"section\">\n\t\t\t\t\t\t<div class=\"elementor-container elementor-column-gap-default\">\n\t\t\t\t\t<div class=\"penci-ercol-100 penci-ercol-order-1 penci-sticky-ct    elementor-column elementor-col-100 elementor-top-column elementor-element elementor-element-03bcb10\" data-id=\"03bcb10\" data-element_type=\"column\">\n\t\t\t<div class=\"elementor-widget-wrap elementor-element-populated\">\n\t\t\t\t\t\t<div class=\"elementor-element elementor-element-33bf206 elementor-widget elementor-widget-text-editor\" data-id=\"33bf206\" data-element_type=\"widget\" data-widget_type=\"text-editor.default\">\n\t\t\t\t<div class=\"elementor-widget-container\">\n\t\t\t\t\t\t\t\t\t<p data-start=\"123\" data-end=\"384\">Ao ingressar no nosso grupo gratuito no\u00a0<strong data-start=\"163\" data-end=\"175\">Whatsapp<\/strong>, voc\u00ea ter\u00e1 acesso a diversas vantagens, incluindo conte\u00fados exclusivos sobre as musas, curiosidades in\u00e9ditas, atualiza\u00e7\u00f5es sobre sua carreira e a oportunidade de interagir com outros f\u00e3s apaixonados.<\/p><p data-start=\"386\" data-end=\"659\">Para que sua participa\u00e7\u00e3o no grupo seja realmente incr\u00edvel, \u00e9 essencial estar em um espa\u00e7o onde as pessoas compartilham os mesmos interesses. Aqui, voc\u00ea encontra f\u00e3s dedicados que acompanham cada passo da musa e querem trocar ideias sobre tudo o que envolve seu universo.<\/p><p data-start=\"661\" data-end=\"920\">Os grupos no\u00a0<span style=\"font-weight: bold;\" data-start=\"163\" data-end=\"175\">Whatsapp<\/span>\u00a0se tornaram uma ferramenta poderosa para quem deseja estar mais pr\u00f3ximo de seus \u00eddolos, compartilhar experi\u00eancias e receber informa\u00e7\u00f5es exclusivas. Abaixo, veremos como essa plataforma pode ser valiosa para os f\u00e3s dessas musas.<\/p><p data-start=\"922\" data-end=\"1099\">Nosso grupo tamb\u00e9m \u00e9 um espa\u00e7o colaborativo, onde voc\u00ea pode conversar sobre os \u00faltimos lan\u00e7amentos, esclarecer d\u00favidas e se manter atualizado sobre todas as novidades da musa.<\/p><p data-start=\"1101\" data-end=\"1272\">Junte-se a n\u00f3s e aproveite esse canal exclusivo para ficar mais perto do universo da Elisa Sanches! Que tal se conectar com outros f\u00e3s e acompanhar tudo em primeira m\u00e3o?<\/p><p data-start=\"1101\" data-end=\"1272\">\u00a0<\/p><p><strong>1. Facilidade de Conex\u00e3o<\/strong><br \/>Os grupos do Whatsapp permitem que voc\u00ea se conecte com v\u00e1rios f\u00e3s ao mesmo tempo, independentemente de onde eles estejam. \u00c9 uma maneira r\u00e1pida e eficiente de interagir com pessoas que compartilham a mesma admira\u00e7\u00e3o pela artista, discutindo novidades e conte\u00fados exclusivos.<\/p><p><strong>2. Acesso a Conte\u00fados Exclusivos<\/strong><br \/>Nosso grupo \u00e9 o melhor lugar para encontrar conte\u00fados in\u00e9ditos sobre a musa! Aqui, voc\u00ea pode ter acesso antecipado a novidades, bastidores e curiosidades que n\u00e3o s\u00e3o divulgadas em qualquer lugar. Se voc\u00ea quer saber tudo antes de todo mundo, esse \u00e9 o espa\u00e7o certo para voc\u00ea!<\/p><p><strong>3. Troca de Informa\u00e7\u00f5es e Curiosidades<\/strong><br \/>Al\u00e9m de acompanhar as \u00faltimas novidades, o grupo do Whatsapp \u00e9 um espa\u00e7o din\u00e2mico para troca de ideias, curiosidades e debates sobre a carreira da artista. Os membros compartilham insights, materiais exclusivos e informa\u00e7\u00f5es que enriquecem ainda mais a experi\u00eancia dos f\u00e3s.<\/p><p><strong>4. Intera\u00e7\u00e3o Direta e Din\u00e2mica<\/strong><br \/>A comunica\u00e7\u00e3o dentro do grupo acontece em tempo real, garantindo intera\u00e7\u00f5es r\u00e1pidas e sem filtros. Diferente de outras plataformas, aqui as conversas fluem de forma cont\u00ednua, aproximando ainda mais os f\u00e3s e criando uma verdadeira comunidade apaixonada pela artista.<\/p><p><strong>5. Encontros e Oportunidades \u00danicas<\/strong><br \/>Ser membro do nosso grupo no Whatsapp pode te proporcionar experi\u00eancias incr\u00edveis, como informa\u00e7\u00f5es sobre eventos, sorteios e oportunidades especiais para f\u00e3s. Muitas surpresas podem surgir para aqueles que est\u00e3o dentro da nossa comunidade exclusiva!<\/p><p><strong>Conclus\u00e3o<\/strong><br \/>Os grupos do Whatsapp s\u00e3o muito mais do que simples espa\u00e7os de conversa \u2013 eles oferecem uma oportunidade \u00fanica para quem quer ficar por dentro de tudo sobre a artista. Ao participar do grupo certo, voc\u00ea poder\u00e1 ampliar suas conex\u00f5es com outros f\u00e3s, trocar informa\u00e7\u00f5es valiosas e ter acesso a conte\u00fados imperd\u00edveis.<\/p><p>Se voc\u00ea ainda n\u00e3o faz parte, agora \u00e9 a hora! Entre no nosso grupo e aproveite essa experi\u00eancia exclusiva!<\/p>\t\t\t\t\t\t\t\t<\/div>\n\t\t\t\t<\/div>\n\t\t\t\t\t<\/div>\n\t\t<\/div>\n\t\t\t\t\t<\/div>\n\t\t<\/section>\n\t\t\t\t<\/div>","protected":false},"excerpt":{"rendered":"<p>Junte-se ao nosso grupo gratuito no&nbsp;Whatsapp&nbsp;e fique por dentro de todas as novidades sobre modelos fotograficas!&hellip;<\/p>","protected":false},"author":1,"featured_media":0,"parent":0,"menu_order":0,"comment_status":"closed","ping_status":"closed","template":"","meta":{"_lmt_disableupdate":"","_lmt_disable":"","ngg_post_thumbnail":0,"footnotes":""},"class_list":["post-7979","page","type-page","status-publish","hentry"],"amp_enabled":true,"_links":{"self":[{"href":"https:\/\/fotografiaprofissional.org\/en\/wp-json\/wp\/v2\/pages\/7979","targetHints":{"allow":["GET"]}}],"collection":[{"href":"https:\/\/fotografiaprofissional.org\/en\/wp-json\/wp\/v2\/pages"}],"about":[{"href":"https:\/\/fotografiaprofissional.org\/en\/wp-json\/wp\/v2\/types\/page"}],"author":[{"embeddable":true,"href":"https:\/\/fotografiaprofissional.org\/en\/wp-json\/wp\/v2\/users\/1"}],"replies":[{"embeddable":true,"href":"https:\/\/fotografiaprofissional.org\/en\/wp-json\/wp\/v2\/comments?post=7979"}],"version-history":[{"count":9,"href":"https:\/\/fotografiaprofissional.org\/en\/wp-json\/wp\/v2\/pages\/7979\/revisions"}],"predecessor-version":[{"id":8023,"href":"https:\/\/fotografiaprofissional.org\/en\/wp-json\/wp\/v2\/pages\/7979\/revisions\/8023"}],"wp:attachment":[{"href":"https:\/\/fotografiaprofissional.org\/en\/wp-json\/wp\/v2\/media?parent=7979"}],"curies":[{"name":"wp","href":"https:\/\/api.w.org\/{rel}","templated":true}]}}